{"id":211114,"date":"2024-11-29T08:31:00","date_gmt":"2024-11-29T08:31:00","guid":{"rendered":"https:\/\/freezyfood.eu\/?post_type=product&#038;p=211114"},"modified":"2025-12-11T10:18:27","modified_gmt":"2025-12-11T08:18:27","slug":"kulmkuivatatud-tatra-hakkliharoog-110g","status":"publish","type":"product","link":"https:\/\/freezyfood.eu\/en\/product\/kulmkuivatatud-tatra-hakkliharoog-110g\/","title":{"rendered":"FREEZE-DRIED BUCKWHEAT WITH MINCED MEAT (110g)"},"content":{"rendered":"<p><strong>Freeze-dried buckwheat with minced meat<\/strong> is a hearty and nutrient-rich dish that offers a warm and satisfying meal on all journeys, hikes, or in extreme conditions. Buckwheat porridge, which contains 41% high-quality buckwheat, is rich in flavor, while minced meat (pork and beef) adds fullness and energy. The cream substitute, along with fresh carrot, onion, bell pepper, and corn, adds extra flavor and texture to the dish. This meal is made with special ingredients that ensure long shelf life while preserving all the necessary nutrients and flavors, providing a warm meal in just a few minutes by adding water. An ideal solution for hikers, emergency services, soldiers, or even space missions, freeze-dried buckwheat porridge with minced meat offers a tasty and nourishing option in any situation where quick cooking and quality are a priority.<\/p>","protected":false},"excerpt":{"rendered":"<p>K\u00fclmkuivatatud tatrapuder hakklihaga on t\u00e4idlane ja toitaineterikas roog, mis pakub sooja ja rahuldust pakkuvat einet k\u00f5igil r\u00e4nnakutel, matkadelt v\u00f5i \u00e4\u00e4rmuslikes tingimustes. Tatrapuder, mis sisaldab 41% kvaliteetset tatrat, on maitselt rikkalik, samas kui hakkliha (siga ja veis) annab sellele t\u00e4idlasuse ja energiat. Kooreasendaja, koos v\u00e4rske porgandi, sibula, paprika ja maisiga, lisab roale t\u00e4iendavat maitset ja tekstuuri. [&hellip;]<\/p>","protected":false},"featured_media":211306,"template":"","meta":{"_et_pb_use_builder":"","_et_pb_old_content":"","_et_gb_content_width":""},"product_brand":[],"product_cat":[69],"product_tag":[81,79,80],"class_list":{"0":"post-211114","1":"product","2":"type-product","3":"status-publish","4":"has-post-thumbnail","6":"product_cat-praed","7":"product_tag-hakkliha","8":"product_tag-piim","9":"product_tag-tatar","11":"first","12":"outofstock","13":"taxable","14":"shipping-taxable","15":"purchasable","16":"product-type-simple"},"supplier_id":211225,"supplier_sku":"","barcode":"0739608269105","atum_controlled":true,"out_stock_date":"2025-12-11 10:18:27","out_stock_threshold":null,"inheritable":false,"inbound_stock":0,"stock_on_hold":2,"sold_today":0,"sales_last_days":0,"reserved_stock":0,"customer_returns":0,"warehouse_damage":0,"lost_in_post":0,"other_logs":0,"out_stock_days":149,"lost_sales":0,"has_location":false,"update_date":"2026-05-10T08:25:52","atum_locations":[],"atum_stock_status":"outofstock","restock_status":false,"low_stock_amount":"","sales_update_date":"2026-05-10T08:25:52","calc_backorders":null,"yoast_head":"<!-- This site is optimized with the Yoast SEO plugin v27.5 - https:\/\/yoast.com\/product\/yoast-seo-wordpress\/ -->\n<title>K\u00dcLMKUIVATATUD TATRA-HAKKLIHAROOG (110g) - FreezyFood<\/title>\n<meta name=\"robots\" content=\"index, follow, max-snippet:-1, max-image-preview:large, max-video-preview:-1\" \/>\n<link rel=\"canonical\" href=\"https:\/\/www.freezyfood.eu\/product\/kulmkuivatatud-tatra-hakkliharoog-110g\/\" \/>\n<meta property=\"og:locale\" content=\"en_US\" \/>\n<meta property=\"og:type\" content=\"article\" \/>\n<meta property=\"og:title\" content=\"K\u00dcLMKUIVATATUD TATRA-HAKKLIHAROOG (110g) - FreezyFood\" \/>\n<meta property=\"og:description\" content=\"K\u00fclmkuivatatud tatrapuder hakklihaga on t\u00e4idlane ja toitaineterikas roog, mis pakub sooja ja rahuldust pakkuvat einet k\u00f5igil r\u00e4nnakutel, matkadelt v\u00f5i \u00e4\u00e4rmuslikes tingimustes. Tatrapuder, mis sisaldab 41% kvaliteetset tatrat, on maitselt rikkalik, samas kui hakkliha (siga ja veis) annab sellele t\u00e4idlasuse ja energiat. Kooreasendaja, koos v\u00e4rske porgandi, sibula, paprika ja maisiga, lisab roale t\u00e4iendavat maitset ja tekstuuri. [&hellip;]\" \/>\n<meta property=\"og:url\" content=\"https:\/\/www.freezyfood.eu\/product\/kulmkuivatatud-tatra-hakkliharoog-110g\/\" \/>\n<meta property=\"og:site_name\" content=\"FreezyFood\" \/>\n<meta property=\"article:modified_time\" content=\"2025-12-11T08:18:27+00:00\" \/>\n<meta property=\"og:image\" content=\"https:\/\/www.freezyfood.eu\/wp-content\/uploads\/2024\/11\/TATRA-HAKKLIHAROOG.png\" \/>\n\t<meta property=\"og:image:width\" content=\"500\" \/>\n\t<meta property=\"og:image:height\" content=\"500\" \/>\n\t<meta property=\"og:image:type\" content=\"image\/png\" \/>\n<meta name=\"twitter:card\" content=\"summary_large_image\" \/>\n<meta name=\"twitter:label1\" content=\"Est. reading time\" \/>\n\t<meta name=\"twitter:data1\" content=\"1 minute\" \/>\n<script type=\"application\/ld+json\" class=\"yoast-schema-graph\">{\"@context\":\"https:\\\/\\\/schema.org\",\"@graph\":[{\"@type\":\"WebPage\",\"@id\":\"https:\\\/\\\/www.freezyfood.eu\\\/product\\\/kulmkuivatatud-tatra-hakkliharoog-110g\\\/\",\"url\":\"https:\\\/\\\/www.freezyfood.eu\\\/product\\\/kulmkuivatatud-tatra-hakkliharoog-110g\\\/\",\"name\":\"K\u00dcLMKUIVATATUD TATRA-HAKKLIHAROOG (110g) - FreezyFood\",\"isPartOf\":{\"@id\":\"https:\\\/\\\/freezyfood.eu\\\/#website\"},\"primaryImageOfPage\":{\"@id\":\"https:\\\/\\\/www.freezyfood.eu\\\/product\\\/kulmkuivatatud-tatra-hakkliharoog-110g\\\/#primaryimage\"},\"image\":{\"@id\":\"https:\\\/\\\/www.freezyfood.eu\\\/product\\\/kulmkuivatatud-tatra-hakkliharoog-110g\\\/#primaryimage\"},\"thumbnailUrl\":\"https:\\\/\\\/freezyfood.eu\\\/wp-content\\\/uploads\\\/2024\\\/11\\\/TATRA-HAKKLIHAROOG.png\",\"datePublished\":\"2024-11-29T08:31:00+00:00\",\"dateModified\":\"2025-12-11T08:18:27+00:00\",\"breadcrumb\":{\"@id\":\"https:\\\/\\\/www.freezyfood.eu\\\/product\\\/kulmkuivatatud-tatra-hakkliharoog-110g\\\/#breadcrumb\"},\"inLanguage\":\"en-US\",\"potentialAction\":[{\"@type\":\"ReadAction\",\"target\":[\"https:\\\/\\\/www.freezyfood.eu\\\/product\\\/kulmkuivatatud-tatra-hakkliharoog-110g\\\/\"]}]},{\"@type\":\"ImageObject\",\"inLanguage\":\"en-US\",\"@id\":\"https:\\\/\\\/www.freezyfood.eu\\\/product\\\/kulmkuivatatud-tatra-hakkliharoog-110g\\\/#primaryimage\",\"url\":\"https:\\\/\\\/freezyfood.eu\\\/wp-content\\\/uploads\\\/2024\\\/11\\\/TATRA-HAKKLIHAROOG.png\",\"contentUrl\":\"https:\\\/\\\/freezyfood.eu\\\/wp-content\\\/uploads\\\/2024\\\/11\\\/TATRA-HAKKLIHAROOG.png\",\"width\":500,\"height\":500},{\"@type\":\"BreadcrumbList\",\"@id\":\"https:\\\/\\\/www.freezyfood.eu\\\/product\\\/kulmkuivatatud-tatra-hakkliharoog-110g\\\/#breadcrumb\",\"itemListElement\":[{\"@type\":\"ListItem\",\"position\":1,\"name\":\"Home\",\"item\":\"https:\\\/\\\/freezyfood.eu\\\/\"},{\"@type\":\"ListItem\",\"position\":2,\"name\":\"E-POOD\",\"item\":\"https:\\\/\\\/freezyfood.eu\\\/en\\\/pood\\\/\"},{\"@type\":\"ListItem\",\"position\":3,\"name\":\"K\u00dcLMKUIVATATUD TATRA-HAKKLIHAROOG (110g)\"}]},{\"@type\":\"WebSite\",\"@id\":\"https:\\\/\\\/freezyfood.eu\\\/#website\",\"url\":\"https:\\\/\\\/freezyfood.eu\\\/\",\"name\":\"FreezyFood\",\"description\":\"K\u00fclmkuivatatud toidud mis on valmistatud Eestis!\",\"potentialAction\":[{\"@type\":\"SearchAction\",\"target\":{\"@type\":\"EntryPoint\",\"urlTemplate\":\"https:\\\/\\\/freezyfood.eu\\\/?s={search_term_string}\"},\"query-input\":{\"@type\":\"PropertyValueSpecification\",\"valueRequired\":true,\"valueName\":\"search_term_string\"}}],\"inLanguage\":\"en-US\"}]}<\/script>\n<!-- \/ Yoast SEO plugin. -->","yoast_head_json":{"title":"K\u00dcLMKUIVATATUD TATRA-HAKKLIHAROOG (110g) - FreezyFood","robots":{"index":"index","follow":"follow","max-snippet":"max-snippet:-1","max-image-preview":"max-image-preview:large","max-video-preview":"max-video-preview:-1"},"canonical":"https:\/\/www.freezyfood.eu\/product\/kulmkuivatatud-tatra-hakkliharoog-110g\/","og_locale":"en_US","og_type":"article","og_title":"K\u00dcLMKUIVATATUD TATRA-HAKKLIHAROOG (110g) - FreezyFood","og_description":"K\u00fclmkuivatatud tatrapuder hakklihaga on t\u00e4idlane ja toitaineterikas roog, mis pakub sooja ja rahuldust pakkuvat einet k\u00f5igil r\u00e4nnakutel, matkadelt v\u00f5i \u00e4\u00e4rmuslikes tingimustes. Tatrapuder, mis sisaldab 41% kvaliteetset tatrat, on maitselt rikkalik, samas kui hakkliha (siga ja veis) annab sellele t\u00e4idlasuse ja energiat. Kooreasendaja, koos v\u00e4rske porgandi, sibula, paprika ja maisiga, lisab roale t\u00e4iendavat maitset ja tekstuuri. [&hellip;]","og_url":"https:\/\/www.freezyfood.eu\/product\/kulmkuivatatud-tatra-hakkliharoog-110g\/","og_site_name":"FreezyFood","article_modified_time":"2025-12-11T08:18:27+00:00","og_image":[{"width":500,"height":500,"url":"https:\/\/www.freezyfood.eu\/wp-content\/uploads\/2024\/11\/TATRA-HAKKLIHAROOG.png","type":"image\/png"}],"twitter_card":"summary_large_image","twitter_misc":{"Est. reading time":"1 minute"},"schema":{"@context":"https:\/\/schema.org","@graph":[{"@type":"WebPage","@id":"https:\/\/www.freezyfood.eu\/product\/kulmkuivatatud-tatra-hakkliharoog-110g\/","url":"https:\/\/www.freezyfood.eu\/product\/kulmkuivatatud-tatra-hakkliharoog-110g\/","name":"K\u00dcLMKUIVATATUD TATRA-HAKKLIHAROOG (110g) - FreezyFood","isPartOf":{"@id":"https:\/\/freezyfood.eu\/#website"},"primaryImageOfPage":{"@id":"https:\/\/www.freezyfood.eu\/product\/kulmkuivatatud-tatra-hakkliharoog-110g\/#primaryimage"},"image":{"@id":"https:\/\/www.freezyfood.eu\/product\/kulmkuivatatud-tatra-hakkliharoog-110g\/#primaryimage"},"thumbnailUrl":"https:\/\/freezyfood.eu\/wp-content\/uploads\/2024\/11\/TATRA-HAKKLIHAROOG.png","datePublished":"2024-11-29T08:31:00+00:00","dateModified":"2025-12-11T08:18:27+00:00","breadcrumb":{"@id":"https:\/\/www.freezyfood.eu\/product\/kulmkuivatatud-tatra-hakkliharoog-110g\/#breadcrumb"},"inLanguage":"en-US","potentialAction":[{"@type":"ReadAction","target":["https:\/\/www.freezyfood.eu\/product\/kulmkuivatatud-tatra-hakkliharoog-110g\/"]}]},{"@type":"ImageObject","inLanguage":"en-US","@id":"https:\/\/www.freezyfood.eu\/product\/kulmkuivatatud-tatra-hakkliharoog-110g\/#primaryimage","url":"https:\/\/freezyfood.eu\/wp-content\/uploads\/2024\/11\/TATRA-HAKKLIHAROOG.png","contentUrl":"https:\/\/freezyfood.eu\/wp-content\/uploads\/2024\/11\/TATRA-HAKKLIHAROOG.png","width":500,"height":500},{"@type":"BreadcrumbList","@id":"https:\/\/www.freezyfood.eu\/product\/kulmkuivatatud-tatra-hakkliharoog-110g\/#breadcrumb","itemListElement":[{"@type":"ListItem","position":1,"name":"Home","item":"https:\/\/freezyfood.eu\/"},{"@type":"ListItem","position":2,"name":"E-POOD","item":"https:\/\/freezyfood.eu\/en\/pood\/"},{"@type":"ListItem","position":3,"name":"K\u00dcLMKUIVATATUD TATRA-HAKKLIHAROOG (110g)"}]},{"@type":"WebSite","@id":"https:\/\/freezyfood.eu\/#website","url":"https:\/\/freezyfood.eu\/","name":"FreezyFood","description":"K\u00fclmkuivatatud toidud mis on valmistatud Eestis!","potentialAction":[{"@type":"SearchAction","target":{"@type":"EntryPoint","urlTemplate":"https:\/\/freezyfood.eu\/?s={search_term_string}"},"query-input":{"@type":"PropertyValueSpecification","valueRequired":true,"valueName":"search_term_string"}}],"inLanguage":"en-US"}]}},"jetpack_sharing_enabled":true,"_links":{"self":[{"href":"https:\/\/freezyfood.eu\/en\/wp-json\/wp\/v2\/product\/211114","targetHints":{"allow":["GET"]}}],"collection":[{"href":"https:\/\/freezyfood.eu\/en\/wp-json\/wp\/v2\/product"}],"about":[{"href":"https:\/\/freezyfood.eu\/en\/wp-json\/wp\/v2\/types\/product"}],"wp:featuredmedia":[{"embeddable":true,"href":"https:\/\/freezyfood.eu\/en\/wp-json\/wp\/v2\/media\/211306"}],"wp:attachment":[{"href":"https:\/\/freezyfood.eu\/en\/wp-json\/wp\/v2\/media?parent=211114"}],"wp:term":[{"taxonomy":"product_brand","embeddable":true,"href":"https:\/\/freezyfood.eu\/en\/wp-json\/wp\/v2\/product_brand?post=211114"},{"taxonomy":"product_cat","embeddable":true,"href":"https:\/\/freezyfood.eu\/en\/wp-json\/wp\/v2\/product_cat?post=211114"},{"taxonomy":"product_tag","embeddable":true,"href":"https:\/\/freezyfood.eu\/en\/wp-json\/wp\/v2\/product_tag?post=211114"}],"curies":[{"name":"wp","href":"https:\/\/api.w.org\/{rel}","templated":true}]}}