{"id":211367,"date":"2024-12-01T22:14:49","date_gmt":"2024-12-01T22:14:49","guid":{"rendered":"https:\/\/freezyfood.eu\/?page_id=211367"},"modified":"2025-02-09T15:25:37","modified_gmt":"2025-02-09T13:25:37","slug":"kontakt","status":"publish","type":"page","link":"https:\/\/freezyfood.eu\/en\/kontakt\/","title":{"rendered":"CONTACT"},"content":{"rendered":"<p>[et_pb_section fb_built=&#8221;1&#8243; admin_label=&#8221;Header&#8221; _builder_version=&#8221;4.27.2&#8243; _module_preset=&#8221;default&#8221; background_color=&#8221;#FFFFFF&#8221; background_enable_image=&#8221;off&#8221; height=&#8221;100vh&#8221; custom_padding=&#8221;||0px||false|false&#8221; collapsed=&#8221;off&#8221; global_colors_info=&#8221;{}&#8221;][et_pb_row column_structure=&#8221;2_5,3_5&#8243; make_equal=&#8221;on&#8221; _builder_version=&#8221;4.27.4&#8243; _module_preset=&#8221;default&#8221; z_index=&#8221;10&#8243; width=&#8221;95%&#8221; max_width=&#8221;100%&#8221; hover_enabled=&#8221;0&#8243; global_colors_info=&#8221;{}&#8221; sticky_enabled=&#8221;0&#8243; custom_css_main_element=&#8221;align-items: center;&#8221;][et_pb_column type=&#8221;2_5&#8243; _builder_version=&#8221;4.27.4&#8243; _module_preset=&#8221;default&#8221; background_color=&#8221;gcid-f1258463-e9d8-4875-8e41-dec36356dfbf&#8221; custom_padding=&#8221;50px|40px|50px|40px|true|true&#8221; custom_padding_tablet=&#8221;40px|40px|40px|40px|true|true&#8221; custom_padding_phone=&#8221;20px|20px|20px|20px|true|true&#8221; custom_padding_last_edited=&#8221;on|phone&#8221; hover_enabled=&#8221;0&#8243; border_radii=&#8221;on|30px|30px|30px|30px&#8221; global_colors_info=&#8221;{%22gcid-f1258463-e9d8-4875-8e41-dec36356dfbf%22:%91%22background_color%22%93}&#8221; sticky_enabled=&#8221;0&#8243;][et_pb_blurb title=&#8221;Aadress&#8221; use_icon=&#8221;on&#8221; font_icon=&#8221;&#xf3c5;||fa||900&#8243; icon_color=&#8221;gcid-f1258463-e9d8-4875-8e41-dec36356dfbf&#8221; image_icon_background_color=&#8221;#FFFFFF&#8221; icon_placement=&#8221;left&#8221; image_icon_width=&#8221;24px&#8221; content_max_width=&#8221;100%&#8221; _builder_version=&#8221;4.27.4&#8243; _module_preset=&#8221;c6aa0334-470b-4941-9456-a5df8b0ed32f&#8221; header_font=&#8221;Satoshi Light|700|||||||&#8221; header_text_color=&#8221;#FFFFFF&#8221; header_font_size=&#8221;15px&#8221; header_line_height=&#8221;1.4em&#8221; body_font=&#8221;&#8211;et_global_body_font|500|||||||&#8221; body_text_color=&#8221;#FFFFFF&#8221; body_line_height=&#8221;1.5em&#8221; image_icon_custom_padding=&#8221;20px|20px|20px|20px|true|true&#8221; animation=&#8221;off&#8221; hover_enabled=&#8221;0&#8243; border_radii_image=&#8221;on|400px|400px|400px|400px&#8221; locked=&#8221;off&#8221; global_colors_info=&#8221;{%22gcid-f1258463-e9d8-4875-8e41-dec36356dfbf%22:%91%22icon_color%22%93}&#8221; sticky_enabled=&#8221;0&#8243;]<\/p>\n<p>Farmi tee 18, Viiratsi 70101 Viljandi maakond<\/p>\n<p>[\/et_pb_blurb][et_pb_blurb title=&#8221;Telefon&#8221; use_icon=&#8221;on&#8221; font_icon=&#8221;&#xe090;||divi||400&#8243; icon_color=&#8221;gcid-f1258463-e9d8-4875-8e41-dec36356dfbf&#8221; image_icon_background_color=&#8221;#FFFFFF&#8221; icon_placement=&#8221;left&#8221; image_icon_width=&#8221;24px&#8221; content_max_width=&#8221;100%&#8221; _builder_version=&#8221;4.27.2&#8243; _module_preset=&#8221;c6aa0334-470b-4941-9456-a5df8b0ed32f&#8221; header_font=&#8221;Satoshi Light|700|||||||&#8221; header_text_color=&#8221;#FFFFFF&#8221; header_font_size=&#8221;15px&#8221; header_line_height=&#8221;1.4em&#8221; body_font=&#8221;&#8211;et_global_body_font|500|||||||&#8221; body_text_color=&#8221;#FFFFFF&#8221; body_line_height=&#8221;1.5em&#8221; image_icon_custom_padding=&#8221;20px|20px|20px|20px|true|true&#8221; animation=&#8221;off&#8221; border_radii_image=&#8221;on|400px|400px|400px|400px&#8221; locked=&#8221;off&#8221; global_colors_info=&#8221;{%22gcid-f1258463-e9d8-4875-8e41-dec36356dfbf%22:%91%22icon_color%22%93}&#8221;]<\/p>\n<p>+372 505 1 868<\/p>\n<p>[\/et_pb_blurb][et_pb_blurb title=&#8221;E-mail&#8221; use_icon=&#8221;on&#8221; font_icon=&#8221;&#xe076;||divi||400&#8243; icon_color=&#8221;gcid-f1258463-e9d8-4875-8e41-dec36356dfbf&#8221; image_icon_background_color=&#8221;#FFFFFF&#8221; icon_placement=&#8221;left&#8221; image_icon_width=&#8221;24px&#8221; content_max_width=&#8221;100%&#8221; _builder_version=&#8221;4.27.2&#8243; _module_preset=&#8221;c6aa0334-470b-4941-9456-a5df8b0ed32f&#8221; header_font=&#8221;Satoshi Light|700|||||||&#8221; header_text_color=&#8221;#FFFFFF&#8221; header_font_size=&#8221;15px&#8221; header_line_height=&#8221;1.4em&#8221; body_font=&#8221;&#8211;et_global_body_font|500|||||||&#8221; body_text_color=&#8221;#FFFFFF&#8221; body_line_height=&#8221;1.5em&#8221; image_icon_custom_padding=&#8221;20px|20px|20px|20px|true|true&#8221; animation=&#8221;off&#8221; border_radii_image=&#8221;on|400px|400px|400px|400px&#8221; locked=&#8221;off&#8221; global_colors_info=&#8221;{%22gcid-f1258463-e9d8-4875-8e41-dec36356dfbf%22:%91%22icon_color%22%93}&#8221;]<\/p>\n<p>info@freezyfood.eu<\/p>\n<p>[\/et_pb_blurb][et_pb_blurb title=&#8221;Ettev\u00f5te&#8221; use_icon=&#8221;on&#8221; font_icon=&#8221;&#xf1ad;||fa||900&#8243; icon_color=&#8221;gcid-f1258463-e9d8-4875-8e41-dec36356dfbf&#8221; image_icon_background_color=&#8221;#FFFFFF&#8221; icon_placement=&#8221;left&#8221; image_icon_width=&#8221;24px&#8221; content_max_width=&#8221;100%&#8221; _builder_version=&#8221;4.27.2&#8243; _module_preset=&#8221;c6aa0334-470b-4941-9456-a5df8b0ed32f&#8221; header_font=&#8221;Satoshi Light|700|||||||&#8221; header_text_color=&#8221;#FFFFFF&#8221; header_font_size=&#8221;15px&#8221; header_line_height=&#8221;1.4em&#8221; body_font=&#8221;&#8211;et_global_body_font|500|||||||&#8221; body_text_color=&#8221;#FFFFFF&#8221; body_line_height=&#8221;1.5em&#8221; image_icon_custom_padding=&#8221;20px|20px|20px|20px|true|true&#8221; animation=&#8221;off&#8221; border_radii_image=&#8221;on|400px|400px|400px|400px&#8221; locked=&#8221;off&#8221; global_colors_info=&#8221;{%22gcid-f1258463-e9d8-4875-8e41-dec36356dfbf%22:%91%22icon_color%22%93}&#8221;]<\/p>\n<p>R\u00fcmena Rent O\u00dc<\/p>\n<p>[\/et_pb_blurb][et_pb_blurb title=&#8221;Registrikood&#8221; use_icon=&#8221;on&#8221; font_icon=&#8221;&#xe608;||divi||400&#8243; icon_color=&#8221;gcid-f1258463-e9d8-4875-8e41-dec36356dfbf&#8221; image_icon_background_color=&#8221;#FFFFFF&#8221; icon_placement=&#8221;left&#8221; image_icon_width=&#8221;24px&#8221; content_max_width=&#8221;100%&#8221; _builder_version=&#8221;4.27.2&#8243; _module_preset=&#8221;c6aa0334-470b-4941-9456-a5df8b0ed32f&#8221; header_font=&#8221;Satoshi Light|700|||||||&#8221; header_text_color=&#8221;#FFFFFF&#8221; header_font_size=&#8221;15px&#8221; header_line_height=&#8221;1.4em&#8221; body_font=&#8221;&#8211;et_global_body_font|500|||||||&#8221; body_text_color=&#8221;#FFFFFF&#8221; body_line_height=&#8221;1.5em&#8221; image_icon_custom_padding=&#8221;20px|20px|20px|20px|true|true&#8221; animation=&#8221;off&#8221; border_radii_image=&#8221;on|400px|400px|400px|400px&#8221; locked=&#8221;off&#8221; global_colors_info=&#8221;{%22gcid-f1258463-e9d8-4875-8e41-dec36356dfbf%22:%91%22icon_color%22%93}&#8221;]<\/p>\n<p><span>12327999<\/span><\/p>\n<p>[\/et_pb_blurb][et_pb_blurb title=&#8221;KMKR nr&#8221; use_icon=&#8221;on&#8221; font_icon=&#8221;&#xe608;||divi||400&#8243; icon_color=&#8221;gcid-f1258463-e9d8-4875-8e41-dec36356dfbf&#8221; image_icon_background_color=&#8221;#FFFFFF&#8221; icon_placement=&#8221;left&#8221; image_icon_width=&#8221;24px&#8221; content_max_width=&#8221;100%&#8221; _builder_version=&#8221;4.27.2&#8243; _module_preset=&#8221;c6aa0334-470b-4941-9456-a5df8b0ed32f&#8221; header_font=&#8221;Satoshi Light|700|||||||&#8221; header_text_color=&#8221;#FFFFFF&#8221; header_font_size=&#8221;15px&#8221; header_line_height=&#8221;1.4em&#8221; body_font=&#8221;&#8211;et_global_body_font|500|||||||&#8221; body_text_color=&#8221;#FFFFFF&#8221; body_line_height=&#8221;1.5em&#8221; image_icon_custom_padding=&#8221;20px|20px|20px|20px|true|true&#8221; animation=&#8221;off&#8221; border_radii_image=&#8221;on|400px|400px|400px|400px&#8221; locked=&#8221;off&#8221; global_colors_info=&#8221;{%22gcid-f1258463-e9d8-4875-8e41-dec36356dfbf%22:%91%22icon_color%22%93}&#8221;]<\/p>\n<p>EE101562887<\/p>\n<p>[\/et_pb_blurb][\/et_pb_column][et_pb_column type=&#8221;3_5&#8243; _builder_version=&#8221;4.27.2&#8243; _module_preset=&#8221;default&#8221; background_color=&#8221;RGBA(255,255,255,0)&#8221; background_enable_mask_style=&#8221;on&#8221; background_mask_style=&#8221;diagonal&#8221; background_mask_color=&#8221;RGBA(255,255,255,0)&#8221; background_mask_transform=&#8221;rotate_90_degree|invert|flip_horizontal&#8221; background_mask_aspect_ratio=&#8221;portrait&#8221; background_mask_size=&#8221;cover&#8221; background_mask_position=&#8221;top_center&#8221; custom_padding=&#8221;50px|50px|50px|50px|true|true&#8221; custom_padding_tablet=&#8221;50px|50px|30%|50px|false|true&#8221; custom_padding_phone=&#8221;20px|30px|50%|30px|false|true&#8221; custom_padding_last_edited=&#8221;on|phone&#8221; background_last_edited=&#8221;on|tablet&#8221; background_mask_aspect_ratio_tablet=&#8221;landscape&#8221; background_mask_aspect_ratio_phone=&#8221;portrait&#8221; border_radii=&#8221;on|30px|30px|30px|30px&#8221; global_colors_info=&#8221;{}&#8221;][et_pb_text _builder_version=&#8221;4.27.4&#8243; _module_preset=&#8221;518880c8-46c7-4ffa-b5a6-93ffa99dcc17&#8243; text_font=&#8221;&#8211;et_global_body_font|700|||||||&#8221; text_font_size=&#8221;20px&#8221; hover_enabled=&#8221;0&#8243; global_colors_info=&#8221;{}&#8221; sticky_enabled=&#8221;0&#8243;]<\/p>\n<p style=\"text-align: center;\">If you have any questions about our online store's products, orders, or collaboration opportunities, please fill out the contact form below.<\/p>\n<p>[\/et_pb_text][et_pb_contact_form captcha=&#8221;off&#8221; email=&#8221;ragne@freezyfood.eu&#8221; success_message=&#8221;Ait\u00e4h! Vastame teile esimesel v\u00f5imalusel!&#8221; submit_button_text=&#8221;Saada&#8221; _builder_version=&#8221;4.27.4&#8243; _module_preset=&#8221;b7e17a43-95b2-4979-b8fc-94c671eb68d7&#8243; form_field_background_color=&#8221;#FFFFFF&#8221; form_field_text_color=&#8221;#000000&#8243; form_field_focus_background_color=&#8221;gcid-942d9443-b6b9-43c9-a590-441f06e9c37f&#8221; form_field_focus_text_color=&#8221;#000000&#8243; title_text_color=&#8221;#000000&#8243; button_border_color=&#8221;#000000&#8243; max_width=&#8221;700px&#8221; module_alignment=&#8221;center&#8221; hover_enabled=&#8221;0&#8243; border_color_bottom=&#8221;gcid-f1258463-e9d8-4875-8e41-dec36356dfbf&#8221; locked=&#8221;off&#8221; global_colors_info=&#8221;{%22gcid-942d9443-b6b9-43c9-a590-441f06e9c37f%22:%91%22form_field_focus_background_color%22%93,%22gcid-f1258463-e9d8-4875-8e41-dec36356dfbf%22:%91%22button_text_color%22,%22button_bg_color__hover%22,%22border_color_bottom%22%93}&#8221; sticky_enabled=&#8221;0&#8243; form_field_font=&#8221;&#8211;et_global_body_font|300||on|||||&#8221; form_field_font_size=&#8221;13px&#8221; button_text_color__hover_enabled=&#8221;on|desktop&#8221; button_text_color__hover=&#8221;#FFFFFF&#8221; button_text_color=&#8221;gcid-f1258463-e9d8-4875-8e41-dec36356dfbf&#8221; button_bg_color__hover_enabled=&#8221;on|desktop&#8221; button_bg_color__hover=&#8221;gcid-f1258463-e9d8-4875-8e41-dec36356dfbf&#8221; button_bg_enable_color__hover=&#8221;on&#8221; button_font=&#8221;&#8211;et_global_body_font|300||on|||||&#8221; button_use_icon=&#8221;off&#8221; border_width_bottom=&#8221;1px&#8221;][et_pb_contact_field field_id=&#8221;Nimi&#8221; field_title=&#8221;Nimi&#8221; fullwidth_field=&#8221;on&#8221; _builder_version=&#8221;4.27.2&#8243; _module_preset=&#8221;default&#8221; global_colors_info=&#8221;{}&#8221; button_text_size__hover_enabled=&#8221;off&#8221; button_one_text_size__hover_enabled=&#8221;off&#8221; button_two_text_size__hover_enabled=&#8221;off&#8221; button_text_color__hover_enabled=&#8221;off&#8221; button_one_text_color__hover_enabled=&#8221;off&#8221; button_two_text_color__hover_enabled=&#8221;off&#8221; button_border_width__hover_enabled=&#8221;off&#8221; button_one_border_width__hover_enabled=&#8221;off&#8221; button_two_border_width__hover_enabled=&#8221;off&#8221; button_border_color__hover_enabled=&#8221;off&#8221; button_one_border_color__hover_enabled=&#8221;off&#8221; button_two_border_color__hover_enabled=&#8221;off&#8221; button_border_radius__hover_enabled=&#8221;off&#8221; button_one_border_radius__hover_enabled=&#8221;off&#8221; button_two_border_radius__hover_enabled=&#8221;off&#8221; button_letter_spacing__hover_enabled=&#8221;off&#8221; button_one_letter_spacing__hover_enabled=&#8221;off&#8221; button_two_letter_spacing__hover_enabled=&#8221;off&#8221; button_bg_color__hover_enabled=&#8221;off&#8221; button_one_bg_color__hover_enabled=&#8221;off&#8221; button_two_bg_color__hover_enabled=&#8221;off&#8221;][\/et_pb_contact_field][et_pb_contact_field field_id=&#8221;E-mail&#8221; field_title=&#8221;E-mail Aadress&#8221; field_type=&#8221;email&#8221; fullwidth_field=&#8221;on&#8221; _builder_version=&#8221;4.27.2&#8243; _module_preset=&#8221;default&#8221; global_colors_info=&#8221;{}&#8221; button_text_size__hover_enabled=&#8221;off&#8221; button_one_text_size__hover_enabled=&#8221;off&#8221; button_two_text_size__hover_enabled=&#8221;off&#8221; button_text_color__hover_enabled=&#8221;off&#8221; button_one_text_color__hover_enabled=&#8221;off&#8221; button_two_text_color__hover_enabled=&#8221;off&#8221; button_border_width__hover_enabled=&#8221;off&#8221; button_one_border_width__hover_enabled=&#8221;off&#8221; button_two_border_width__hover_enabled=&#8221;off&#8221; button_border_color__hover_enabled=&#8221;off&#8221; button_one_border_color__hover_enabled=&#8221;off&#8221; button_two_border_color__hover_enabled=&#8221;off&#8221; button_border_radius__hover_enabled=&#8221;off&#8221; button_one_border_radius__hover_enabled=&#8221;off&#8221; button_two_border_radius__hover_enabled=&#8221;off&#8221; button_letter_spacing__hover_enabled=&#8221;off&#8221; button_one_letter_spacing__hover_enabled=&#8221;off&#8221; button_two_letter_spacing__hover_enabled=&#8221;off&#8221; button_bg_color__hover_enabled=&#8221;off&#8221; button_one_bg_color__hover_enabled=&#8221;off&#8221; button_two_bg_color__hover_enabled=&#8221;off&#8221;][\/et_pb_contact_field][et_pb_contact_field field_id=&#8221;S\u00f5num&#8221; field_title=&#8221;S\u00f5num&#8221; field_type=&#8221;text&#8221; fullwidth_field=&#8221;on&#8221; _builder_version=&#8221;4.27.2&#8243; _module_preset=&#8221;default&#8221; global_colors_info=&#8221;{}&#8221; button_text_size__hover_enabled=&#8221;off&#8221; button_one_text_size__hover_enabled=&#8221;off&#8221; button_two_text_size__hover_enabled=&#8221;off&#8221; button_text_color__hover_enabled=&#8221;off&#8221; button_one_text_color__hover_enabled=&#8221;off&#8221; button_two_text_color__hover_enabled=&#8221;off&#8221; button_border_width__hover_enabled=&#8221;off&#8221; button_one_border_width__hover_enabled=&#8221;off&#8221; button_two_border_width__hover_enabled=&#8221;off&#8221; button_border_color__hover_enabled=&#8221;off&#8221; button_one_border_color__hover_enabled=&#8221;off&#8221; button_two_border_color__hover_enabled=&#8221;off&#8221; button_border_radius__hover_enabled=&#8221;off&#8221; button_one_border_radius__hover_enabled=&#8221;off&#8221; button_two_border_radius__hover_enabled=&#8221;off&#8221; button_letter_spacing__hover_enabled=&#8221;off&#8221; button_one_letter_spacing__hover_enabled=&#8221;off&#8221; button_two_letter_spacing__hover_enabled=&#8221;off&#8221; button_bg_color__hover_enabled=&#8221;off&#8221; button_one_bg_color__hover_enabled=&#8221;off&#8221; button_two_bg_color__hover_enabled=&#8221;off&#8221;][\/et_pb_contact_field][\/et_pb_contact_form][\/et_pb_column][\/et_pb_row][\/et_pb_section]<\/p>","protected":false},"excerpt":{"rendered":"<p>Farmi tee 18, Viiratsi 70101 Viljandi maakond+372 505 1 868info@freezyfood.euR\u00fcmena Rent O\u00dc12327999EE101562887Kui Teil on k\u00fcsimusi meie e-poe toodete, tellimuste v\u00f5i koost\u00f6\u00f6v\u00f5imaluste kohta, t\u00e4itke palun allolev kontaktvorm.<\/p>","protected":false},"author":1,"featured_media":0,"parent":0,"menu_order":0,"comment_status":"closed","ping_status":"closed","template":"","meta":{"_et_pb_use_builder":"on","_et_pb_old_content":"","_et_gb_content_width":"","footnotes":""},"difl_page_category":[],"class_list":["post-211367","page","type-page","status-publish","hentry"],"yoast_head":"<!-- This site is optimized with the Yoast SEO plugin v27.5 - https:\/\/yoast.com\/product\/yoast-seo-wordpress\/ -->\n<title>KONTAKT - FreezyFood<\/title>\n<meta name=\"robots\" content=\"index, follow, max-snippet:-1, max-image-preview:large, max-video-preview:-1\" \/>\n<link rel=\"canonical\" href=\"https:\/\/freezyfood.eu\/en\/kontakt\/\" \/>\n<meta property=\"og:locale\" content=\"en_US\" \/>\n<meta property=\"og:type\" content=\"article\" \/>\n<meta property=\"og:title\" content=\"KONTAKT - FreezyFood\" \/>\n<meta property=\"og:description\" content=\"Farmi tee 18, Viiratsi 70101 Viljandi maakond+372 505 1 868info@freezyfood.euR\u00fcmena Rent O\u00dc12327999EE101562887Kui Teil on k\u00fcsimusi meie e-poe toodete, tellimuste v\u00f5i koost\u00f6\u00f6v\u00f5imaluste kohta, t\u00e4itke palun allolev kontaktvorm.\" \/>\n<meta property=\"og:url\" content=\"https:\/\/freezyfood.eu\/en\/kontakt\/\" \/>\n<meta property=\"og:site_name\" content=\"FreezyFood\" \/>\n<meta property=\"article:modified_time\" content=\"2025-02-09T13:25:37+00:00\" \/>\n<meta name=\"twitter:card\" content=\"summary_large_image\" \/>\n<script type=\"application\/ld+json\" class=\"yoast-schema-graph\">{\"@context\":\"https:\\\/\\\/schema.org\",\"@graph\":[{\"@type\":\"WebPage\",\"@id\":\"https:\\\/\\\/freezyfood.eu\\\/en\\\/kontakt\\\/\",\"url\":\"https:\\\/\\\/freezyfood.eu\\\/en\\\/kontakt\\\/\",\"name\":\"KONTAKT - FreezyFood\",\"isPartOf\":{\"@id\":\"https:\\\/\\\/freezyfood.eu\\\/#website\"},\"datePublished\":\"2024-12-01T22:14:49+00:00\",\"dateModified\":\"2025-02-09T13:25:37+00:00\",\"breadcrumb\":{\"@id\":\"https:\\\/\\\/freezyfood.eu\\\/en\\\/kontakt\\\/#breadcrumb\"},\"inLanguage\":\"en-US\",\"potentialAction\":[{\"@type\":\"ReadAction\",\"target\":[\"https:\\\/\\\/freezyfood.eu\\\/en\\\/kontakt\\\/\"]}]},{\"@type\":\"BreadcrumbList\",\"@id\":\"https:\\\/\\\/freezyfood.eu\\\/en\\\/kontakt\\\/#breadcrumb\",\"itemListElement\":[{\"@type\":\"ListItem\",\"position\":1,\"name\":\"Home\",\"item\":\"https:\\\/\\\/freezyfood.eu\\\/\"},{\"@type\":\"ListItem\",\"position\":2,\"name\":\"KONTAKT\"}]},{\"@type\":\"WebSite\",\"@id\":\"https:\\\/\\\/freezyfood.eu\\\/#website\",\"url\":\"https:\\\/\\\/freezyfood.eu\\\/\",\"name\":\"FreezyFood\",\"description\":\"K\u00fclmkuivatatud toidud mis on valmistatud Eestis!\",\"potentialAction\":[{\"@type\":\"SearchAction\",\"target\":{\"@type\":\"EntryPoint\",\"urlTemplate\":\"https:\\\/\\\/freezyfood.eu\\\/?s={search_term_string}\"},\"query-input\":{\"@type\":\"PropertyValueSpecification\",\"valueRequired\":true,\"valueName\":\"search_term_string\"}}],\"inLanguage\":\"en-US\"}]}<\/script>\n<!-- \/ Yoast SEO plugin. -->","yoast_head_json":{"title":"KONTAKT - FreezyFood","robots":{"index":"index","follow":"follow","max-snippet":"max-snippet:-1","max-image-preview":"max-image-preview:large","max-video-preview":"max-video-preview:-1"},"canonical":"https:\/\/freezyfood.eu\/en\/kontakt\/","og_locale":"en_US","og_type":"article","og_title":"KONTAKT - FreezyFood","og_description":"Farmi tee 18, Viiratsi 70101 Viljandi maakond+372 505 1 868info@freezyfood.euR\u00fcmena Rent O\u00dc12327999EE101562887Kui Teil on k\u00fcsimusi meie e-poe toodete, tellimuste v\u00f5i koost\u00f6\u00f6v\u00f5imaluste kohta, t\u00e4itke palun allolev kontaktvorm.","og_url":"https:\/\/freezyfood.eu\/en\/kontakt\/","og_site_name":"FreezyFood","article_modified_time":"2025-02-09T13:25:37+00:00","twitter_card":"summary_large_image","schema":{"@context":"https:\/\/schema.org","@graph":[{"@type":"WebPage","@id":"https:\/\/freezyfood.eu\/en\/kontakt\/","url":"https:\/\/freezyfood.eu\/en\/kontakt\/","name":"KONTAKT - FreezyFood","isPartOf":{"@id":"https:\/\/freezyfood.eu\/#website"},"datePublished":"2024-12-01T22:14:49+00:00","dateModified":"2025-02-09T13:25:37+00:00","breadcrumb":{"@id":"https:\/\/freezyfood.eu\/en\/kontakt\/#breadcrumb"},"inLanguage":"en-US","potentialAction":[{"@type":"ReadAction","target":["https:\/\/freezyfood.eu\/en\/kontakt\/"]}]},{"@type":"BreadcrumbList","@id":"https:\/\/freezyfood.eu\/en\/kontakt\/#breadcrumb","itemListElement":[{"@type":"ListItem","position":1,"name":"Home","item":"https:\/\/freezyfood.eu\/"},{"@type":"ListItem","position":2,"name":"KONTAKT"}]},{"@type":"WebSite","@id":"https:\/\/freezyfood.eu\/#website","url":"https:\/\/freezyfood.eu\/","name":"FreezyFood","description":"K\u00fclmkuivatatud toidud mis on valmistatud Eestis!","potentialAction":[{"@type":"SearchAction","target":{"@type":"EntryPoint","urlTemplate":"https:\/\/freezyfood.eu\/?s={search_term_string}"},"query-input":{"@type":"PropertyValueSpecification","valueRequired":true,"valueName":"search_term_string"}}],"inLanguage":"en-US"}]}},"jetpack_sharing_enabled":true,"_links":{"self":[{"href":"https:\/\/freezyfood.eu\/en\/wp-json\/wp\/v2\/pages\/211367","targetHints":{"allow":["GET"]}}],"collection":[{"href":"https:\/\/freezyfood.eu\/en\/wp-json\/wp\/v2\/pages"}],"about":[{"href":"https:\/\/freezyfood.eu\/en\/wp-json\/wp\/v2\/types\/page"}],"author":[{"embeddable":true,"href":"https:\/\/freezyfood.eu\/en\/wp-json\/wp\/v2\/users\/1"}],"replies":[{"embeddable":true,"href":"https:\/\/freezyfood.eu\/en\/wp-json\/wp\/v2\/comments?post=211367"}],"version-history":[{"count":5,"href":"https:\/\/freezyfood.eu\/en\/wp-json\/wp\/v2\/pages\/211367\/revisions"}],"predecessor-version":[{"id":211899,"href":"https:\/\/freezyfood.eu\/en\/wp-json\/wp\/v2\/pages\/211367\/revisions\/211899"}],"wp:attachment":[{"href":"https:\/\/freezyfood.eu\/en\/wp-json\/wp\/v2\/media?parent=211367"}],"wp:term":[{"taxonomy":"difl_page_category","embeddable":true,"href":"https:\/\/freezyfood.eu\/en\/wp-json\/wp\/v2\/difl_page_category?post=211367"}],"curies":[{"name":"wp","href":"https:\/\/api.w.org\/{rel}","templated":true}]}}